{"id":9,"date":"2025-09-23T14:53:24","date_gmt":"2025-09-23T14:53:24","guid":{"rendered":"https:\/\/manling.es\/index.php\/carrito\/"},"modified":"2025-12-23T08:54:36","modified_gmt":"2025-12-23T08:54:36","slug":"carrito","status":"publish","type":"page","link":"https:\/\/manling.es\/zh\/carrito\/","title":{"rendered":"\u5927\u8f66"},"content":{"rendered":"<div class=\"fusion-fullwidth fullwidth-box fusion-builder-row-1 fusion-flex-container nonhundred-percent-fullwidth non-hundred-percent-height-scrolling\" style=\"--awb-border-radius-top-left:0px;--awb-border-radius-top-right:0px;--awb-border-radius-bottom-right:0px;--awb-border-radius-bottom-left:0px;--awb-flex-wrap:wrap;\" ><div class=\"fusion-builder-row fusion-row fusion-flex-align-items-flex-start fusion-flex-content-wrap\" style=\"max-width:1248px;margin-left: calc(-4% \/ 2 );margin-right: calc(-4% \/ 2 );\"><div class=\"fusion-layout-column fusion_builder_column fusion-builder-column-0 fusion_builder_column_1_1 1_1 fusion-flex-column\" style=\"--awb-bg-size:cover;--awb-width-large:100%;--awb-margin-top-large:20px;--awb-spacing-right-large:1.92%;--awb-margin-bottom-large:20px;--awb-spacing-left-large:1.92%;--awb-width-medium:100%;--awb-order-medium:0;--awb-spacing-right-medium:1.92%;--awb-spacing-left-medium:1.92%;--awb-width-small:100%;--awb-order-small:0;--awb-spacing-right-small:1.92%;--awb-spacing-left-small:1.92%;\"><div class=\"fusion-column-wrapper fusion-column-has-shadow fusion-flex-justify-content-flex-start fusion-content-layout-column\"><div class=\"aviso-pedido-minimo\">\n    <strong>\u2139\ufe0f <span class=\"minimo-text\">Pedido m\u00ednimo: 5\u20ac, solo en Cobo Calleja.<br>Horario: Mi\u00e9rcoles a Lunes 9:00-17:00<\/span><\/strong>\n<\/div>\n<script>\nif (window.location.href.indexOf('\/zh\/') !== -1) {\n    document.querySelector('.minimo-text').innerHTML = '5\u6b27\u8d77\u9001\uff0c\u4ec5\u9650\u4ed3\u5e93\u533a\u3002<br>\u8425\u4e1a\u65f6\u95f4\u5468\u4e09\u81f3\u5468\u4e009:00-17:00';\n}\n<\/script>\n<style>\n.aviso-pedido-minimo {\n    background: #fff3cd;\n    border: 2px solid #ffc107;\n    padding: 12px;\n    margin-bottom: 5px;\n    border-radius: 8px;\n    text-align: center;\n    font-size: 16px;\n    line-height: 1.5;\n}\n<\/style><\/div><\/div><div class=\"fusion-layout-column fusion_builder_column fusion-builder-column-1 fusion_builder_column_1_1 1_1 fusion-flex-column\" style=\"--awb-bg-size:cover;--awb-width-large:100%;--awb-margin-top-large:0px;--awb-spacing-right-large:1.92%;--awb-margin-bottom-large:0px;--awb-spacing-left-large:1.92%;--awb-width-medium:100%;--awb-spacing-right-medium:1.92%;--awb-spacing-left-medium:1.92%;--awb-width-small:100%;--awb-spacing-right-small:1.92%;--awb-spacing-left-small:1.92%;\"><div class=\"fusion-column-wrapper fusion-flex-justify-content-flex-start fusion-content-layout-column\"><div class=\"fusion-text fusion-text-1\"><div data-block-name=\"woocommerce\/cart\" class=\"wp-block-woocommerce-cart alignwide is-loading\">\n<div data-block-name=\"woocommerce\/filled-cart-block\" class=\"wp-block-woocommerce-filled-cart-block\">\n<div data-block-name=\"woocommerce\/cart-items-block\" class=\"wp-block-woocommerce-cart-items-block\">\n<div data-block-name=\"woocommerce\/cart-line-items-block\" class=\"wp-block-woocommerce-cart-line-items-block\">\u00a0<\/div>\n<\/div>\n<div data-block-name=\"woocommerce\/cart-totals-block\" class=\"wp-block-woocommerce-cart-totals-block\">\n<div data-block-name=\"woocommerce\/cart-order-summary-block\" class=\"wp-block-woocommerce-cart-order-summary-block\">\n<div data-block-name=\"woocommerce\/cart-order-summary-heading-block\" class=\"wp-block-woocommerce-cart-order-summary-heading-block\">\u00a0<\/div>\n<div data-block-name=\"woocommerce\/cart-order-summary-coupon-form-block\" class=\"wp-block-woocommerce-cart-order-summary-coupon-form-block\">\u00a0<\/div>\n<div data-block-name=\"woocommerce\/cart-order-summary-totals-block\" class=\"wp-block-woocommerce-cart-order-summary-totals-block\">\n<div data-block-name=\"woocommerce\/cart-order-summary-subtotal-block\" class=\"wp-block-woocommerce-cart-order-summary-subtotal-block\">\u00a0<\/div>\n<div data-block-name=\"woocommerce\/cart-order-summary-discount-block\" class=\"wp-block-woocommerce-cart-order-summary-discount-block\">\u00a0<\/div>\n<div data-block-name=\"woocommerce\/cart-order-summary-fee-block\" class=\"wp-block-woocommerce-cart-order-summary-fee-block\">\u00a0<\/div>\n<div data-block-name=\"woocommerce\/cart-order-summary-shipping-block\" class=\"wp-block-woocommerce-cart-order-summary-shipping-block\">\u00a0<\/div>\n<div data-block-name=\"woocommerce\/cart-order-summary-taxes-block\" class=\"wp-block-woocommerce-cart-order-summary-taxes-block\">\u00a0<\/div>\n<\/div>\n<\/div>\n<div data-block-name=\"woocommerce\/cart-express-payment-block\" class=\"wp-block-woocommerce-cart-express-payment-block\">\u00a0<\/div>\n<div data-block-name=\"woocommerce\/proceed-to-checkout-block\" class=\"wp-block-woocommerce-proceed-to-checkout-block\">\u00a0<\/div>\n<div data-block-name=\"woocommerce\/cart-accepted-payment-methods-block\" class=\"wp-block-woocommerce-cart-accepted-payment-methods-block\">\u00a0<\/div>\n<\/div>\n<\/div>\n<div data-block-name=\"woocommerce\/empty-cart-block\" class=\"wp-block-woocommerce-empty-cart-block\">\n<h2 class=\"wp-block-heading has-text-align-center with-empty-cart-icon wc-block-cart__empty-cart__title\">\u60a8\u7684\u8d2d\u7269\u8f66\u76ee\u524d\u662f\u7a7a\u7684\uff01<\/h2>\n<hr class=\"wp-block-separator has-alpha-channel-opacity is-style-dots\" \/>\n<h2 class=\"wp-block-heading has-text-align-center\">\u5546\u5e97\u65b0\u54c1<\/h2>\n<div data-block-name=\"woocommerce\/product-new\" data-columns=\"4\" data-rows=\"1\" class=\"wc-block-grid wp-block-product-new wp-block-woocommerce-product-new wc-block-product-new has-4-columns\">\n<ul class=\"wc-block-grid__products\">\n<li class=\"wc-block-grid__product\">\n\t\t\t\t<a href=\"https:\/\/manling.es\/zh\/product\/arroz-glutinoso\/\" class=\"wc-block-grid__product-link\"><\/p>\n<div class=\"wc-block-grid__product-image\"><img decoding=\"async\" width=\"500\" height=\"333\" src=\"https:\/\/manling.es\/wp-content\/uploads\/2026\/05\/lQDPJxuMEf1ghF3NAyDNBLCwX5TvnlKrloYJ0QU6huQVAA_1200_800-500x333.jpg\" class=\"attachment-woocommerce_thumbnail size-woocommerce_thumbnail lazyload\" alt=\"Arroz Glutinoso\" srcset=\"data:image\/svg+xml,%3Csvg%20xmlns%3D%27http%3A%2F%2Fwww.w3.org%2F2000%2Fsvg%27%20width%3D%271200%27%20height%3D%27800%27%20viewBox%3D%270%200%201200%20800%27%3E%3Crect%20width%3D%271200%27%20height%3D%27800%27%20fill-opacity%3D%220%22%2F%3E%3C%2Fsvg%3E\" data-orig-src=\"https:\/\/manling.es\/wp-content\/uploads\/2026\/05\/lQDPJxuMEf1ghF3NAyDNBLCwX5TvnlKrloYJ0QU6huQVAA_1200_800-500x333.jpg\" data-srcset=\"https:\/\/manling.es\/wp-content\/uploads\/2026\/05\/lQDPJxuMEf1ghF3NAyDNBLCwX5TvnlKrloYJ0QU6huQVAA_1200_800-18x12.jpg 18w, https:\/\/manling.es\/wp-content\/uploads\/2026\/05\/lQDPJxuMEf1ghF3NAyDNBLCwX5TvnlKrloYJ0QU6huQVAA_1200_800-200x133.jpg 200w, https:\/\/manling.es\/wp-content\/uploads\/2026\/05\/lQDPJxuMEf1ghF3NAyDNBLCwX5TvnlKrloYJ0QU6huQVAA_1200_800-290x193.jpg 290w, https:\/\/manling.es\/wp-content\/uploads\/2026\/05\/lQDPJxuMEf1ghF3NAyDNBLCwX5TvnlKrloYJ0QU6huQVAA_1200_800-400x267.jpg 400w, https:\/\/manling.es\/wp-content\/uploads\/2026\/05\/lQDPJxuMEf1ghF3NAyDNBLCwX5TvnlKrloYJ0QU6huQVAA_1200_800-500x333.jpg 500w, https:\/\/manling.es\/wp-content\/uploads\/2026\/05\/lQDPJxuMEf1ghF3NAyDNBLCwX5TvnlKrloYJ0QU6huQVAA_1200_800-600x400.jpg 600w, https:\/\/manling.es\/wp-content\/uploads\/2026\/05\/lQDPJxuMEf1ghF3NAyDNBLCwX5TvnlKrloYJ0QU6huQVAA_1200_800-700x467.jpg 700w, https:\/\/manling.es\/wp-content\/uploads\/2026\/05\/lQDPJxuMEf1ghF3NAyDNBLCwX5TvnlKrloYJ0QU6huQVAA_1200_800-768x512.jpg 768w, https:\/\/manling.es\/wp-content\/uploads\/2026\/05\/lQDPJxuMEf1ghF3NAyDNBLCwX5TvnlKrloYJ0QU6huQVAA_1200_800-800x533.jpg 800w, https:\/\/manling.es\/wp-content\/uploads\/2026\/05\/lQDPJxuMEf1ghF3NAyDNBLCwX5TvnlKrloYJ0QU6huQVAA_1200_800-963x642.jpg 963w, https:\/\/manling.es\/wp-content\/uploads\/2026\/05\/lQDPJxuMEf1ghF3NAyDNBLCwX5TvnlKrloYJ0QU6huQVAA_1200_800.jpg 1200w\" data-sizes=\"auto\" \/><\/div>\n<div class=\"wc-block-grid__product-title\">\u7cef\u7c73\u996d<\/div>\n<p>\t\t\t\t<\/a><\/p>\n<div class=\"wc-block-grid__product-price price\"><span class=\"woocommerce-Price-amount amount\">3,50&nbsp;<span class=\"woocommerce-Price-currencySymbol\">&euro;<\/span><\/span><\/div>\n<div class=\"wp-block-button wc-block-grid__product-add-to-cart\"><a href=\"\/zh\/wp-json\/wp\/v2\/pages\/9?add-to-cart=4484\" aria-label=\"\u52a0\u5165\u8d2d\u7269\u8f66\uff1a\u201cArroz Glutinoso\u201d\" data-quantity=\"1\" data-product_id=\"4484\" data-product_sku=\"\" data-price=\"3.5\" rel=\"nofollow\" class=\"wp-block-button__link  add_to_cart_button ajax_add_to_cart\" data-no-translation=\"\" data-trp-gettext=\"\" data-no-translation-aria-label=\"\">\u52a0\u5165\u8d2d\u7269\u8f66<\/a><\/div>\n<\/li>\n<li class=\"wc-block-grid__product\">\n\t\t\t\t<a href=\"https:\/\/manling.es\/zh\/product\/bao-relleno-de-tofu\/\" class=\"wc-block-grid__product-link\"><\/p>\n<div class=\"wc-block-grid__product-image\"><img decoding=\"async\" width=\"500\" height=\"333\" src=\"https:\/\/manling.es\/wp-content\/uploads\/2026\/05\/lQDPKH7Rikc_Hd3NAyDNBLCw-ODDqAk10KkJ0QUZItsJAA_1200_800-500x333.jpg\" class=\"attachment-woocommerce_thumbnail size-woocommerce_thumbnail lazyload\" alt=\"Bao relleno de Tofu\" srcset=\"data:image\/svg+xml,%3Csvg%20xmlns%3D%27http%3A%2F%2Fwww.w3.org%2F2000%2Fsvg%27%20width%3D%271200%27%20height%3D%27800%27%20viewBox%3D%270%200%201200%20800%27%3E%3Crect%20width%3D%271200%27%20height%3D%27800%27%20fill-opacity%3D%220%22%2F%3E%3C%2Fsvg%3E\" data-orig-src=\"https:\/\/manling.es\/wp-content\/uploads\/2026\/05\/lQDPKH7Rikc_Hd3NAyDNBLCw-ODDqAk10KkJ0QUZItsJAA_1200_800-500x333.jpg\" data-srcset=\"https:\/\/manling.es\/wp-content\/uploads\/2026\/05\/lQDPKH7Rikc_Hd3NAyDNBLCw-ODDqAk10KkJ0QUZItsJAA_1200_800-18x12.jpg 18w, https:\/\/manling.es\/wp-content\/uploads\/2026\/05\/lQDPKH7Rikc_Hd3NAyDNBLCw-ODDqAk10KkJ0QUZItsJAA_1200_800-200x133.jpg 200w, https:\/\/manling.es\/wp-content\/uploads\/2026\/05\/lQDPKH7Rikc_Hd3NAyDNBLCw-ODDqAk10KkJ0QUZItsJAA_1200_800-290x193.jpg 290w, https:\/\/manling.es\/wp-content\/uploads\/2026\/05\/lQDPKH7Rikc_Hd3NAyDNBLCw-ODDqAk10KkJ0QUZItsJAA_1200_800-400x267.jpg 400w, https:\/\/manling.es\/wp-content\/uploads\/2026\/05\/lQDPKH7Rikc_Hd3NAyDNBLCw-ODDqAk10KkJ0QUZItsJAA_1200_800-500x333.jpg 500w, https:\/\/manling.es\/wp-content\/uploads\/2026\/05\/lQDPKH7Rikc_Hd3NAyDNBLCw-ODDqAk10KkJ0QUZItsJAA_1200_800-600x400.jpg 600w, https:\/\/manling.es\/wp-content\/uploads\/2026\/05\/lQDPKH7Rikc_Hd3NAyDNBLCw-ODDqAk10KkJ0QUZItsJAA_1200_800-700x467.jpg 700w, https:\/\/manling.es\/wp-content\/uploads\/2026\/05\/lQDPKH7Rikc_Hd3NAyDNBLCw-ODDqAk10KkJ0QUZItsJAA_1200_800-768x512.jpg 768w, https:\/\/manling.es\/wp-content\/uploads\/2026\/05\/lQDPKH7Rikc_Hd3NAyDNBLCw-ODDqAk10KkJ0QUZItsJAA_1200_800-800x533.jpg 800w, https:\/\/manling.es\/wp-content\/uploads\/2026\/05\/lQDPKH7Rikc_Hd3NAyDNBLCw-ODDqAk10KkJ0QUZItsJAA_1200_800-963x642.jpg 963w, https:\/\/manling.es\/wp-content\/uploads\/2026\/05\/lQDPKH7Rikc_Hd3NAyDNBLCw-ODDqAk10KkJ0QUZItsJAA_1200_800.jpg 1200w\" data-sizes=\"auto\" \/><\/div>\n<div class=\"wc-block-grid__product-title\">\u8c46\u8150\u5305<\/div>\n<p>\t\t\t\t<\/a><\/p>\n<div class=\"wc-block-grid__product-price price\"><span class=\"woocommerce-Price-amount amount\">1,50&nbsp;<span class=\"woocommerce-Price-currencySymbol\">&euro;<\/span><\/span><\/div>\n<div class=\"wp-block-button wc-block-grid__product-add-to-cart\"><a href=\"\/zh\/wp-json\/wp\/v2\/pages\/9?add-to-cart=4481\" aria-label=\"\u52a0\u5165\u8d2d\u7269\u8f66\uff1a\u201cBao relleno de Tofu\u201d\" data-quantity=\"1\" data-product_id=\"4481\" data-product_sku=\"\" data-price=\"1.5\" rel=\"nofollow\" class=\"wp-block-button__link  add_to_cart_button ajax_add_to_cart\" data-no-translation=\"\" data-trp-gettext=\"\" data-no-translation-aria-label=\"\">\u52a0\u5165\u8d2d\u7269\u8f66<\/a><\/div>\n<\/li>\n<li class=\"wc-block-grid__product\">\n\t\t\t\t<a href=\"https:\/\/manling.es\/zh\/product\/menu-estofado-combinado-de-ternera-y-tendon-acompanado-de-arroz-blanco\/\" class=\"wc-block-grid__product-link\"><\/p>\n<div class=\"wc-block-grid__product-image\"><img decoding=\"async\" width=\"500\" height=\"333\" src=\"https:\/\/manling.es\/wp-content\/uploads\/2026\/01\/lQDPJwY7GfpXmrvNAyDNBLCwyh2hBKqYpRkJSIzeWSDIAA_1200_800-500x333.jpg\" class=\"attachment-woocommerce_thumbnail size-woocommerce_thumbnail lazyload\" alt=\"Men\u00fa Estofado combinado de Ternera y Tend\u00f3n  (Acompa\u00f1ado de arroz blanco)\" srcset=\"data:image\/svg+xml,%3Csvg%20xmlns%3D%27http%3A%2F%2Fwww.w3.org%2F2000%2Fsvg%27%20width%3D%271200%27%20height%3D%27800%27%20viewBox%3D%270%200%201200%20800%27%3E%3Crect%20width%3D%271200%27%20height%3D%27800%27%20fill-opacity%3D%220%22%2F%3E%3C%2Fsvg%3E\" data-orig-src=\"https:\/\/manling.es\/wp-content\/uploads\/2026\/01\/lQDPJwY7GfpXmrvNAyDNBLCwyh2hBKqYpRkJSIzeWSDIAA_1200_800-500x333.jpg\" data-srcset=\"https:\/\/manling.es\/wp-content\/uploads\/2026\/01\/lQDPJwY7GfpXmrvNAyDNBLCwyh2hBKqYpRkJSIzeWSDIAA_1200_800-18x12.jpg 18w, https:\/\/manling.es\/wp-content\/uploads\/2026\/01\/lQDPJwY7GfpXmrvNAyDNBLCwyh2hBKqYpRkJSIzeWSDIAA_1200_800-200x133.jpg 200w, https:\/\/manling.es\/wp-content\/uploads\/2026\/01\/lQDPJwY7GfpXmrvNAyDNBLCwyh2hBKqYpRkJSIzeWSDIAA_1200_800-290x193.jpg 290w, https:\/\/manling.es\/wp-content\/uploads\/2026\/01\/lQDPJwY7GfpXmrvNAyDNBLCwyh2hBKqYpRkJSIzeWSDIAA_1200_800-400x267.jpg 400w, https:\/\/manling.es\/wp-content\/uploads\/2026\/01\/lQDPJwY7GfpXmrvNAyDNBLCwyh2hBKqYpRkJSIzeWSDIAA_1200_800-500x333.jpg 500w, https:\/\/manling.es\/wp-content\/uploads\/2026\/01\/lQDPJwY7GfpXmrvNAyDNBLCwyh2hBKqYpRkJSIzeWSDIAA_1200_800-600x400.jpg 600w, https:\/\/manling.es\/wp-content\/uploads\/2026\/01\/lQDPJwY7GfpXmrvNAyDNBLCwyh2hBKqYpRkJSIzeWSDIAA_1200_800-700x467.jpg 700w, https:\/\/manling.es\/wp-content\/uploads\/2026\/01\/lQDPJwY7GfpXmrvNAyDNBLCwyh2hBKqYpRkJSIzeWSDIAA_1200_800-768x512.jpg 768w, https:\/\/manling.es\/wp-content\/uploads\/2026\/01\/lQDPJwY7GfpXmrvNAyDNBLCwyh2hBKqYpRkJSIzeWSDIAA_1200_800-800x533.jpg 800w, https:\/\/manling.es\/wp-content\/uploads\/2026\/01\/lQDPJwY7GfpXmrvNAyDNBLCwyh2hBKqYpRkJSIzeWSDIAA_1200_800-963x642.jpg 963w, https:\/\/manling.es\/wp-content\/uploads\/2026\/01\/lQDPJwY7GfpXmrvNAyDNBLCwyh2hBKqYpRkJSIzeWSDIAA_1200_800.jpg 1200w\" data-sizes=\"auto\" \/><\/div>\n<div class=\"wc-block-grid__product-title\">\u725b\u8169\u725b\u7b4b\u53cc\u62fc\u7172 (\u542b\u4e24\u7897\u7c73\u996d)<\/div>\n<p>\t\t\t\t<\/a><\/p>\n<div class=\"wc-block-grid__product-price price\"><span class=\"woocommerce-Price-amount amount\">18,90&nbsp;<span class=\"woocommerce-Price-currencySymbol\">&euro;<\/span><\/span><\/div>\n<div class=\"wp-block-button wc-block-grid__product-add-to-cart\"><a href=\"\/zh\/wp-json\/wp\/v2\/pages\/9?add-to-cart=4311\" aria-label=\"\u52a0\u5165\u8d2d\u7269\u8f66\uff1a\u201cMen\u00fa Estofado combinado de Ternera y Tend\u00f3n  (Acompa\u00f1ado de arroz blanco)\u201d\" data-quantity=\"1\" data-product_id=\"4311\" data-product_sku=\"\" data-price=\"18.9\" rel=\"nofollow\" class=\"wp-block-button__link  add_to_cart_button ajax_add_to_cart\" data-no-translation=\"\" data-trp-gettext=\"\" data-no-translation-aria-label=\"\">\u52a0\u5165\u8d2d\u7269\u8f66<\/a><\/div>\n<\/li>\n<li class=\"wc-block-grid__product\">\n\t\t\t\t<a href=\"https:\/\/manling.es\/zh\/product\/menu-estofado-de-tendon-para-dos-acompanado-de-arroz-blanco\/\" class=\"wc-block-grid__product-link\"><\/p>\n<div class=\"wc-block-grid__product-image\"><img decoding=\"async\" width=\"500\" height=\"333\" src=\"https:\/\/manling.es\/wp-content\/uploads\/2026\/01\/lQDPJwnImJ6FhDvNAyDNBLCwP9cOpLvLRdQJSIzUyfA7AA_1200_800-500x333.jpg\" class=\"attachment-woocommerce_thumbnail size-woocommerce_thumbnail lazyload\" alt=\"Men\u00fa Estofado de Tend\u00f3n Para Dos (Acompa\u00f1ado de arroz blanco)\" srcset=\"data:image\/svg+xml,%3Csvg%20xmlns%3D%27http%3A%2F%2Fwww.w3.org%2F2000%2Fsvg%27%20width%3D%271200%27%20height%3D%27800%27%20viewBox%3D%270%200%201200%20800%27%3E%3Crect%20width%3D%271200%27%20height%3D%27800%27%20fill-opacity%3D%220%22%2F%3E%3C%2Fsvg%3E\" data-orig-src=\"https:\/\/manling.es\/wp-content\/uploads\/2026\/01\/lQDPJwnImJ6FhDvNAyDNBLCwP9cOpLvLRdQJSIzUyfA7AA_1200_800-500x333.jpg\" data-srcset=\"https:\/\/manling.es\/wp-content\/uploads\/2026\/01\/lQDPJwnImJ6FhDvNAyDNBLCwP9cOpLvLRdQJSIzUyfA7AA_1200_800-18x12.jpg 18w, https:\/\/manling.es\/wp-content\/uploads\/2026\/01\/lQDPJwnImJ6FhDvNAyDNBLCwP9cOpLvLRdQJSIzUyfA7AA_1200_800-200x133.jpg 200w, https:\/\/manling.es\/wp-content\/uploads\/2026\/01\/lQDPJwnImJ6FhDvNAyDNBLCwP9cOpLvLRdQJSIzUyfA7AA_1200_800-290x193.jpg 290w, https:\/\/manling.es\/wp-content\/uploads\/2026\/01\/lQDPJwnImJ6FhDvNAyDNBLCwP9cOpLvLRdQJSIzUyfA7AA_1200_800-400x267.jpg 400w, https:\/\/manling.es\/wp-content\/uploads\/2026\/01\/lQDPJwnImJ6FhDvNAyDNBLCwP9cOpLvLRdQJSIzUyfA7AA_1200_800-500x333.jpg 500w, https:\/\/manling.es\/wp-content\/uploads\/2026\/01\/lQDPJwnImJ6FhDvNAyDNBLCwP9cOpLvLRdQJSIzUyfA7AA_1200_800-600x400.jpg 600w, https:\/\/manling.es\/wp-content\/uploads\/2026\/01\/lQDPJwnImJ6FhDvNAyDNBLCwP9cOpLvLRdQJSIzUyfA7AA_1200_800-700x467.jpg 700w, https:\/\/manling.es\/wp-content\/uploads\/2026\/01\/lQDPJwnImJ6FhDvNAyDNBLCwP9cOpLvLRdQJSIzUyfA7AA_1200_800-768x512.jpg 768w, https:\/\/manling.es\/wp-content\/uploads\/2026\/01\/lQDPJwnImJ6FhDvNAyDNBLCwP9cOpLvLRdQJSIzUyfA7AA_1200_800-800x533.jpg 800w, https:\/\/manling.es\/wp-content\/uploads\/2026\/01\/lQDPJwnImJ6FhDvNAyDNBLCwP9cOpLvLRdQJSIzUyfA7AA_1200_800-963x642.jpg 963w, https:\/\/manling.es\/wp-content\/uploads\/2026\/01\/lQDPJwnImJ6FhDvNAyDNBLCwP9cOpLvLRdQJSIzUyfA7AA_1200_800.jpg 1200w\" data-sizes=\"auto\" \/><\/div>\n<div class=\"wc-block-grid__product-title\">\u53cc\u4eba\u725b\u7b4b\u7172(\u542b\u4e24\u7897\u7c73\u996d)<\/div>\n<p>\t\t\t\t<\/a><\/p>\n<div class=\"wc-block-grid__product-price price\"><span class=\"woocommerce-Price-amount amount\">18,90&nbsp;<span class=\"woocommerce-Price-currencySymbol\">&euro;<\/span><\/span><\/div>\n<div class=\"wp-block-button wc-block-grid__product-add-to-cart\"><a href=\"\/zh\/wp-json\/wp\/v2\/pages\/9?add-to-cart=4310\" aria-label=\"\u52a0\u5165\u8d2d\u7269\u8f66\uff1a\u201cMen\u00fa Estofado de Tend\u00f3n Para Dos (Acompa\u00f1ado de arroz blanco)\u201d\" data-quantity=\"1\" data-product_id=\"4310\" data-product_sku=\"\" data-price=\"18.9\" rel=\"nofollow\" class=\"wp-block-button__link  add_to_cart_button ajax_add_to_cart\" data-no-translation=\"\" data-trp-gettext=\"\" data-no-translation-aria-label=\"\">\u52a0\u5165\u8d2d\u7269\u8f66<\/a><\/div>\n<\/li>\n<\/ul>\n<\/div>\n<\/div>\n<\/div>\n<\/div><div style=\"text-align:center;\"><a class=\"fusion-button button-flat fusion-button-default-size button-default fusion-button-default button-1 fusion-button-default-span fusion-button-default-type\" target=\"_self\" href=\"https:\/\/manling.es\/zh\/\"><span class=\"fusion-button-text awb-button__text awb-button__text--default\">\u7ee7\u7eed\u8d2d\u7269<\/span><\/a><\/div><\/div><\/div><\/div><\/div>","protected":false},"excerpt":{"rendered":"","protected":false},"author":1,"featured_media":0,"parent":0,"menu_order":0,"comment_status":"closed","ping_status":"closed","template":"","meta":{"footnotes":""},"class_list":["post-9","page","type-page","status-publish","hentry"],"_links":{"self":[{"href":"https:\/\/manling.es\/zh\/wp-json\/wp\/v2\/pages\/9","targetHints":{"allow":["GET"]}}],"collection":[{"href":"https:\/\/manling.es\/zh\/wp-json\/wp\/v2\/pages"}],"about":[{"href":"https:\/\/manling.es\/zh\/wp-json\/wp\/v2\/types\/page"}],"author":[{"embeddable":true,"href":"https:\/\/manling.es\/zh\/wp-json\/wp\/v2\/users\/1"}],"replies":[{"embeddable":true,"href":"https:\/\/manling.es\/zh\/wp-json\/wp\/v2\/comments?post=9"}],"version-history":[{"count":6,"href":"https:\/\/manling.es\/zh\/wp-json\/wp\/v2\/pages\/9\/revisions"}],"predecessor-version":[{"id":3511,"href":"https:\/\/manling.es\/zh\/wp-json\/wp\/v2\/pages\/9\/revisions\/3511"}],"wp:attachment":[{"href":"https:\/\/manling.es\/zh\/wp-json\/wp\/v2\/media?parent=9"}],"curies":[{"name":"wp","href":"https:\/\/api.w.org\/{rel}","templated":true}]}}